{"id":981,"date":"2015-10-27T17:55:37","date_gmt":"2015-10-27T15:55:37","guid":{"rendered":"http:\/\/www.artificialis.eu\/?page_id=981"},"modified":"2018-05-03T17:19:10","modified_gmt":"2018-05-03T15:19:10","slug":"marie-cagnasso","status":"publish","type":"page","link":"https:\/\/www.artificialis.eu\/?page_id=981","title":{"rendered":"Marie Cagnasso"},"content":{"rendered":"<p>Born 1965 in Saint-Laurent-du-Var, France, Marie lives again in Saint-Laurent-du-Var and works in her atelier in Vallauris, France.<\/p>\n<p>After years in a profession alien to art, and three years living in London, she finally followed her vocation to be an artist.<\/p>\n<p>From 2006 to 2007 she frequented the&nbsp;<span style=\"color: #2c80aa;\"><a style=\"color: #2c80aa;\" href=\"http:\/\/www.vallauris-golfe-juan.fr\/-Ecole-municipale-des-Beaux-Arts-.html\" target=\"_blank\" rel=\"noopener\">Ecole des Beaux-arts<\/a><\/span>&nbsp;(School of Fine Arts) of Vallauris \u2013 Golfe-Juan and got the diploma \u201cArts du Feu\u201d (arts of fire). Subsequently she was selected for the one year specialised class \u201cJeune Createur\u201d (Young Creator) also in Vallauris. In 2009, Marie was chosen for the international contest for porcelain creation of Limoges, France (<span style=\"color: #2c80aa;\"><a style=\"color: #2c80aa;\" href=\"http:\/\/www.ville-limoges.fr\/index.php\/fr\/culture\/105-decouvrir-limoges-actualites\/1820-concours-international-de-creation-en-porcelaine\" target=\"_blank\" rel=\"noopener\">Concours international de cr\u00e9ation en porcelaine<\/a><\/span>) to realise her submitted project in a residency in this traditional porcelain town. The resulting artwork was \u201cZeste de mer\u201d, which was 2010 first presented in the \u201c<span style=\"color: #2c80aa;\"><a style=\"color: #2c80aa;\" href=\"http:\/\/www.officiel-galeries-musees.com\/parcs-jardins-ecomusees\/galerie-des-hospices\" target=\"_blank\" rel=\"noopener\">Galerie des Hospices<\/a><\/span>\u201d in Limoges. Another residency in H\u00f3dmez\u0151v\u00e1s\u00e1rhely, Hungary followed 2012.<\/p>\n<p>In 2013, Marie was selected for the exhibitions \u201cJeune Plasticiens\u201d (Young sculptors) in Saint Rapha\u00ebl and the \u201cSmall Art Object\u201d at&nbsp;<span style=\"color: #2c80aa;\"><a style=\"color: #2c80aa;\" href=\"http:\/\/www.air-vallauris.org\/en\/\" target=\"_blank\" rel=\"noopener\">A.I.R. Vallauris<\/a><\/span>, where she was one of ten Select Award winners. For her participation at the \u201c<span style=\"color: #2c80aa;\"><a style=\"color: #2c80aa;\" href=\"https:\/\/www.terrarossasalernes.fr\/terra-rossa\/\" target=\"_blank\" rel=\"noopener\">Terra Rossa<\/a><\/span>\u201d, Maison de la C\u00e9ramique (House of Ceramics) in Salernes, France, the jury acknowledged her work in the section \u201cAvant-garde\/technicit\u00e9\u201d (Avant-garde\/technicality). Also in 2013, she had her first solo exhibition in the \u201cGalerie Bleue\u201d, Vence. Furthermore, she participated in many group exhibitions at the C\u00f4te d\u2019Azur, but as well in Paris and Budapest (Hungary). Her next contributions to group shows will be on view in May 2018 in Th\u00e9oule-sur-Mer (L\u2019Est\u00e9rel inspire les artistes) and in June at the Picasso OFF in Vallauris.<\/p>\n<p>Marie\u2019s first great subject are the natural landscapes. Here she transforms her impressions of nature \u2013 often seen from a bird\u2019s eye view \u2013 into ceramics. Since 2011, her researches and concerns guided her to the inner landscapes. The starting point is the brain. For her, it is a mysterious and fascinating organ, which governs all human beings. Therefore, it is responsible for our behaviours and our relations. Including brains in her artworks, she reflects about the complexity of our existence. Often it is a questioning about internal feelings and the role of the individual in society.<\/p>\n<p>In ceramics, black and white is dominant in Marie\u2019s work, for example in the natural landscapes. Nevertheless, for her creations of inner landscapes she regularly introduces other materials, like the barbed wire and the tree trunk in \u201cQuestion of Freedom\u201d, our artwork of the month \/ May 2018. Due to that, other colours are entering in the oeuvres, although her favourite ceramic shades are still present.<\/p>\n<p><span style=\"color: #2c80aa;\"><a style=\"color: #2c80aa;\" href=\"https:\/\/mariecagnasso.wixsite.com\/artiste\" target=\"_blank\" rel=\"noopener noreferrer\">https:\/\/mariecagnasso.wixsite.com\/artiste<\/a><\/span><\/p>\n<blockquote class=\"wp-embedded-content\" data-secret=\"LCQqn0RrZd\"><p><a href=\"https:\/\/www.artificialis.eu\/?p=872\">Artwork of the month \/ November 2015<\/a><\/p><\/blockquote>\n<p><iframe loading=\"lazy\" class=\"wp-embedded-content\" sandbox=\"allow-scripts\" security=\"restricted\" style=\"position: absolute; clip: rect(1px, 1px, 1px, 1px);\" src=\"https:\/\/www.artificialis.eu\/?p=872&#038;embed=true#?secret=LCQqn0RrZd\" data-secret=\"LCQqn0RrZd\" width=\"600\" height=\"338\" title=\"&#8220;Artwork of the month \/ November 2015&#8221; &#8212; Artificialis\" frameborder=\"0\" marginwidth=\"0\" marginheight=\"0\" scrolling=\"no\"><\/iframe><\/p>\n<blockquote class=\"wp-embedded-content\" data-secret=\"DMgDY2u5G6\"><p><a href=\"https:\/\/www.artificialis.eu\/?p=6651\">Artwork of the month \/ May 2018<\/a><\/p><\/blockquote>\n<p><iframe loading=\"lazy\" class=\"wp-embedded-content\" sandbox=\"allow-scripts\" security=\"restricted\" style=\"position: absolute; clip: rect(1px, 1px, 1px, 1px);\" src=\"https:\/\/www.artificialis.eu\/?p=6651&#038;embed=true#?secret=DMgDY2u5G6\" data-secret=\"DMgDY2u5G6\" width=\"600\" height=\"338\" title=\"&#8220;Artwork of the month \/ May 2018&#8221; &#8212; Artificialis\" frameborder=\"0\" marginwidth=\"0\" marginheight=\"0\" scrolling=\"no\"><\/iframe><\/p>\n","protected":false},"excerpt":{"rendered":"<p>Born 1965 in Saint-Laurent-du-Var, France, Marie lives again in Saint-Laurent-du-Var and works in her atelier in Vallauris, France. After years in a profession alien to art, and three years living in London, she finally followed her vocation to be an artist. From 2006 to 2007 she frequented the&nbsp;Ecole des Beaux-arts&nbsp;(School of Fine Arts) of Vallauris&#8230;&nbsp;(<a href=\"https:\/\/www.artificialis.eu\/?page_id=981\">read more<\/a>)<\/p>\n","protected":false},"author":1,"featured_media":0,"parent":0,"menu_order":0,"comment_status":"closed","ping_status":"closed","template":"","meta":{"ngg_post_thumbnail":0,"footnotes":""},"class_list":["post-981","page","type-page","status-publish","hentry"],"_links":{"self":[{"href":"https:\/\/www.artificialis.eu\/index.php?rest_route=\/wp\/v2\/pages\/981","targetHints":{"allow":["GET"]}}],"collection":[{"href":"https:\/\/www.artificialis.eu\/index.php?rest_route=\/wp\/v2\/pages"}],"about":[{"href":"https:\/\/www.artificialis.eu\/index.php?rest_route=\/wp\/v2\/types\/page"}],"author":[{"embeddable":true,"href":"https:\/\/www.artificialis.eu\/index.php?rest_route=\/wp\/v2\/users\/1"}],"replies":[{"embeddable":true,"href":"https:\/\/www.artificialis.eu\/index.php?rest_route=%2Fwp%2Fv2%2Fcomments&post=981"}],"version-history":[{"count":0,"href":"https:\/\/www.artificialis.eu\/index.php?rest_route=\/wp\/v2\/pages\/981\/revisions"}],"wp:attachment":[{"href":"https:\/\/www.artificialis.eu\/index.php?rest_route=%2Fwp%2Fv2%2Fmedia&parent=981"}],"curies":[{"name":"wp","href":"https:\/\/api.w.org\/{rel}","templated":true}]}}